{"id":3619,"date":"2020-01-09T16:23:37","date_gmt":"2020-01-09T15:23:37","guid":{"rendered":"https:\/\/www.rallycrossfrance.com\/1172-2\/"},"modified":"2020-12-29T15:25:58","modified_gmt":"2020-12-29T14:25:58","slug":"1172-2","status":"publish","type":"page","link":"https:\/\/rallycrossfrance.com\/en\/1172-2\/","title":{"rendered":"Paddock structure plan"},"content":{"rendered":"<p>INFORMATIONS PADDOCKS<\/p>\n<p>Vous trouverez en pi\u00e8ces jointes les 7 exemples propos\u00e9s pour vos structures.<br \/>\nSi vous avez des difficult\u00e9s \u00e0 imaginer vos structures, nous sommes l\u00e0 pour vous aider, nous souhaitons juste que vous preniez conscience des difficult\u00e9s que chaque organisateur rencontre pour faire un paddocks sans probl\u00e8me s\u2019il n\u2019est pas en possessions des dimensions exactes de vos structures.<br \/>\nLes pr\u00e9fectures sont maintenant tr\u00e8s exigeantes sur les positionnements des structures \u00e0 l\u2019int\u00e9rieur des parcs pilotes et nous vous demandons de suivre \u00e0 la lettre toutes les informations suivantes.<br \/>\n\u00a0<br \/>\n&#8211;\u00a0\u00a0\u00a0\u00a0\u00a0\u00a0\u00a0\u00a0\u00a0 Pour une bonne lecture, tous ces documents doivent obligatoirement \u00eatre remplis informatiquement avec les informations demand\u00e9es, tout document rempli \u00e0 la main ne sera pas accept\u00e9 et devra \u00eatre refait.<br \/>\n&#8211;\u00a0\u00a0\u00a0\u00a0\u00a0\u00a0\u00a0\u00a0\u00a0 Chaque exemple comporte l\u2019autorisation d\u2019un nombre de v\u00e9hicule accept\u00e9, aucune d\u00e9rogation de placement pour un v\u00e9hicule suppl\u00e9mentaire <br \/>\nn\u2019est \u00a0accept\u00e9e.<br \/>\n&#8211;\u00a0\u00a0\u00a0\u00a0\u00a0\u00a0\u00a0\u00a0\u00a0 Vous devez mettre les dimensions en longueur, en largeur et en surface totale celles-ci seront tr\u00e8s utiles par l\u2019organisateur pour la mise en place de l\u2019organisation de son paddock<br \/>\n&#8211;\u00a0\u00a0\u00a0\u00a0\u00a0\u00a0\u00a0\u00a0\u00a0 Lorsque votre structure se trouvera modifi\u00e9e pour quelque raison que ce soit, vous devrez obligatoirement le faire savoir une semaine, avant votre prochaine \u00e9preuve, au responsable AFOR des structures afin que lui-m\u00eame le signale rapidement \u00e0 l\u2019organisateur<br \/>\n&#8211;\u00a0\u00a0\u00a0\u00a0\u00a0\u00a0\u00a0\u00a0\u00a0 Toutes les structures doivent \u00eatre align\u00e9es sur les lignes blanches trac\u00e9es dans les paddocks, chaque structure n\u2019\u00e9tant pas align\u00e9es sur ces lignes blanches devront \u00eatre d\u00e9mont\u00e9es afin d\u2019avoir un bon alignement.<br \/>\n&#8211;\u00a0\u00a0\u00a0\u00a0\u00a0\u00a0\u00a0\u00a0\u00a0 Toutes les remorques qui ne servent pas d\u2019atelier doivent obligatoirement \u00eatre d\u00e9tel\u00e9es et stationn\u00e9es dans un endroit pr\u00e9cis du paddock qui vous sera communiqu\u00e9 sur place. <br \/>\n&#8211;\u00a0\u00a0\u00a0\u00a0\u00a0\u00a0\u00a0\u00a0\u00a0 Aucune voiture ne sera admise dans les all\u00e9es, ces derni\u00e8res devront obligatoirement \u00eatre libres pour la circulation des voitures, des d\u00e9pannages et des \u00e9ventuels secours qui pourraient \u00eatre demand\u00e9s. Toute personne laissant une voiture sur ces all\u00e9es s\u2019exposera \u00e0 une convocation \u00e0 la direction de course.<br \/>\n&#8211;\u00a0\u00a0\u00a0\u00a0\u00a0\u00a0\u00a0\u00a0\u00a0 Merci de bien v\u00e9rifier que vous \u00eates en conformit\u00e9 dans vos structures avec les r\u00e8gles de s\u00e9curit\u00e9 au niveau des extincteurs pour les incendies et des b\u00e2ches afin de parer \u00e0 toute pollution.<br \/>\n\u00a0<br \/>\nEnfin nous vous rappelons imp\u00e9rativement, qu\u2019apr\u00e8s minuit de chaque soir, vous devrez obligatoirement vous abstenir de toute nuisance sonore dans le parc. <br \/>\nD\u00e8s cette ann\u00e9e nous demanderons \u00e0 chaque organisateur de faire en sorte que des rapports soient donn\u00e9es \u00e0 la direction de course s\u2019il s\u2019av\u00e9rait que certains ne respectent pas la tranquillit\u00e9 et le sommeil des autres. <br \/>\nCette demande est faite pour l\u2019ensemble des concurrents et de leurs accompagnateurs (famille, m\u00e9caniciens, supporters, etc\u2026) chaque pilote \u00e9tant responsable des gens qui sont sous sa structure.<br \/>\n\u00a0<br \/>\nBonne saison 2020<\/p>\n","protected":false},"excerpt":{"rendered":"<p>INFORMATIONS PADDOCKS Vous trouverez en pi\u00e8ces jointes les 7 exemples propos\u00e9s pour vos structures. Si vous avez des difficult\u00e9s \u00e0 imaginer vos structures, nous sommes l\u00e0 pour vous aider, nous souhaitons juste que vous preniez conscience des difficult\u00e9s que chaque organisateur rencontre pour faire un paddocks sans probl\u00e8me s\u2019il n\u2019est pas en possessions des dimensions [&hellip;]<\/p>\n","protected":false},"author":2,"featured_media":0,"parent":0,"menu_order":0,"comment_status":"closed","ping_status":"closed","template":"templates\/template_page.php","meta":{"_acf_changed":false,"footnotes":""},"class_list":["post-3619","page","type-page","status-publish","hentry"],"acf":[],"_links":{"self":[{"href":"https:\/\/rallycrossfrance.com\/en\/wp-json\/wp\/v2\/pages\/3619","targetHints":{"allow":["GET"]}}],"collection":[{"href":"https:\/\/rallycrossfrance.com\/en\/wp-json\/wp\/v2\/pages"}],"about":[{"href":"https:\/\/rallycrossfrance.com\/en\/wp-json\/wp\/v2\/types\/page"}],"author":[{"embeddable":true,"href":"https:\/\/rallycrossfrance.com\/en\/wp-json\/wp\/v2\/users\/2"}],"replies":[{"embeddable":true,"href":"https:\/\/rallycrossfrance.com\/en\/wp-json\/wp\/v2\/comments?post=3619"}],"version-history":[{"count":4,"href":"https:\/\/rallycrossfrance.com\/en\/wp-json\/wp\/v2\/pages\/3619\/revisions"}],"predecessor-version":[{"id":3623,"href":"https:\/\/rallycrossfrance.com\/en\/wp-json\/wp\/v2\/pages\/3619\/revisions\/3623"}],"wp:attachment":[{"href":"https:\/\/rallycrossfrance.com\/en\/wp-json\/wp\/v2\/media?parent=3619"}],"curies":[{"name":"wp","href":"https:\/\/api.w.org\/{rel}","templated":true}]}}